{"id":1124,"date":"2017-09-05T17:52:50","date_gmt":"2017-09-05T17:52:50","guid":{"rendered":"http:\/\/traveltipsgye.com\/?page_id=1124"},"modified":"2017-09-06T15:29:29","modified_gmt":"2017-09-06T15:29:29","slug":"how-to-get","status":"publish","type":"page","link":"https:\/\/www.traveltipsgye.com\/es\/how-to-get\/","title":{"rendered":"C\u00d3MO LLEGAR"},"content":{"rendered":"<p>Guayaquil es la puerta de entrada perfecta para conocer y disfrutar Ecuador por aire, tierra y mar; y adem\u00e1s ofrece conexiones directas con el resto del mundo gracias a su moderno aeropuerto, puerto mar\u00edtimo, terminal de autobuses, y gracias a su ubicaci\u00f3n privilegiada y buen clima.<\/p>\n<p><strong><br \/>\n<\/strong><\/p>\n<p><span style=\"color: #000080;\"><strong>POR AIRE<\/strong><\/span><\/p>\n<p>La mejor manera de llegar a Guayaquil es a trav\u00e9s de su Aeropuerto Internacional Jos\u00e9 Joaqu\u00edn de Olmedo que, gracias a su moderno dise\u00f1o, garantiza un servicio excelente a todos los visitantes y est\u00e1 a tan solo 20 minutos en auto del centro de la ciudad, y que funciona las 24 horas del d\u00eda.<\/p>\n<p>El aeropuerto ha sido reconocido como el mejor de Am\u00e9rica Latina y el Caribe y ha sido galardonado por la excelencia en la calidad de servicio durante 8 a\u00f1os consecutivos en la categor\u00eda de 5 millones de pasajeros al a\u00f1o. Algunas de las instalaciones son: sal\u00f3n VIP, tiendas de recuerdos, farmacia, cajeros autom\u00e1ticos, capilla, consigna de equipaje, cafeter\u00edas, ba\u00f1os y un amplio estacionamiento.<\/p>\n<p>Se divide en dos plantas: La planta baja para las llegadas y el piso superior que es exclusivamente para salidas.<\/p>\n<p>&nbsp;<\/p>\n<p><strong>Traveltips ofrece:<\/strong><\/p>\n<ul>\n<li>Transporte privado de lujo<\/li>\n<li>Traslados in y out<\/li>\n<li>Gu\u00edas tur\u00edsticos en varios idiomas<\/li>\n<li>Asistencia en el aeropuerto para los procedimientos de check-in<\/li>\n<li>Tours<\/li>\n<\/ul>\n<p>&nbsp;<\/p>\n<p><strong>Traveltips ofrece servicios a la medida para:<\/strong><\/p>\n<ul>\n<li>Grupos peque\u00f1os<\/li>\n<li>Grupos grandes<\/li>\n<li>Grupos familiares<\/li>\n<li>Empresas<\/li>\n<li>Viajeros solos<\/li>\n<\/ul>\n<p>&nbsp;<\/p>\n<p><span style=\"color: #000080;\"><strong>POR TIERRA<\/strong><\/span><\/p>\n<p>La moderna terminal de autobuses se encuentra a pocos minutos del aeropuerto. Para que los visitantes puedan combinar servicios a\u00e9reos y terrestres con conexiones m\u00e1s r\u00e1pidas con servicio de calidad para viajes dentro y fuera del pa\u00eds.<\/p>\n<p>Aqu\u00ed llegan y salen autobuses hacia y desde otras ciudades ecuatorianas. Cuenta con un centro comercial, supermercado, cine, zona de carga y un patio de comidas.<\/p>\n<p>Frente a la terminal de autobuses se encuentra la Estaci\u00f3n Daular de la Metrovia, el sistema de transporte urbano masivo que conecta con el centro de la ciudad.<\/p>\n<p>&nbsp;<\/p>\n<p><strong>Traveltips ofrece:<\/strong><\/p>\n<ul>\n<li>Transporte privado de lujo<\/li>\n<li>Traslados in y out<\/li>\n<li>Gu\u00edas tur\u00edsticos en varios idiomas<\/li>\n<li>Tours<\/li>\n<\/ul>\n<p>&nbsp;<\/p>\n<p><strong>Traveltips ofrece servicios a la medida para:<\/strong><\/p>\n<ul>\n<li>Grupos peque\u00f1os<\/li>\n<li>Grupos grandes<\/li>\n<li>Grupos familiares<\/li>\n<li>Empresas<\/li>\n<li>Viajeros solos<\/li>\n<\/ul>\n<p>&nbsp;<\/p>\n<p><span style=\"color: #000080;\"><strong>POR MAR<\/strong>\u00a0<\/span><\/p>\n<p>El Puerto Mar\u00edtimo, principal puerto del Ecuador ubicado en el Golfo de Guayaquil, ofrece servicios de calidad para grandes buques de carga y cruceros tur\u00edsticos. Se considera el astillero y puerto m\u00e1s importantes en el Oc\u00e9ano Pac\u00edfico americano.\u00a0El Puerto Mar\u00edtimo se encuentra al sur de la ciudad y permite la entrada de los buques de gran calado. Gracias a su proceso de renovaci\u00f3n constante, se ha convertido en una puerta de entrada para cruceros de lujo que han aumentado sus visitas a Guayaquil.<\/p>\n<p>Traveltips ofrece:\u00a0\u2022 Transporte privado de lujo\u2022 Traslados in y out\u2022 Gu\u00edas tur\u00edsticos en varios idiomas\u2022 Tours\u00a0Traveltips ofrece servicios a medida para:\u2022Grupos peque\u00f1os\u2022 Grupos grandes\u2022 Grupos familiares\u2022 Empresas\u2022 Viajeros solos<\/p>\n<p>&nbsp;<\/p>","protected":false},"excerpt":{"rendered":"<p>Guayaquil es la puerta de entrada perfecta para conocer y disfrutar Ecuador por aire, tierra y mar; y adem\u00e1s ofrece[&#8230;]<\/p>\n","protected":false},"author":1,"featured_media":1132,"parent":0,"menu_order":0,"comment_status":"closed","ping_status":"closed","template":"","meta":[],"_links":{"self":[{"href":"https:\/\/www.traveltipsgye.com\/es\/wp-json\/wp\/v2\/pages\/1124"}],"collection":[{"href":"https:\/\/www.traveltipsgye.com\/es\/wp-json\/wp\/v2\/pages"}],"about":[{"href":"https:\/\/www.traveltipsgye.com\/es\/wp-json\/wp\/v2\/types\/page"}],"author":[{"embeddable":true,"href":"https:\/\/www.traveltipsgye.com\/es\/wp-json\/wp\/v2\/users\/1"}],"replies":[{"embeddable":true,"href":"https:\/\/www.traveltipsgye.com\/es\/wp-json\/wp\/v2\/comments?post=1124"}],"version-history":[{"count":3,"href":"https:\/\/www.traveltipsgye.com\/es\/wp-json\/wp\/v2\/pages\/1124\/revisions"}],"predecessor-version":[{"id":1133,"href":"https:\/\/www.traveltipsgye.com\/es\/wp-json\/wp\/v2\/pages\/1124\/revisions\/1133"}],"wp:featuredmedia":[{"embeddable":true,"href":"https:\/\/www.traveltipsgye.com\/es\/wp-json\/wp\/v2\/media\/1132"}],"wp:attachment":[{"href":"https:\/\/www.traveltipsgye.com\/es\/wp-json\/wp\/v2\/media?parent=1124"}],"curies":[{"name":"wp","href":"https:\/\/api.w.org\/{rel}","templated":true}]}}