{"id":1788,"date":"2020-06-10T21:42:48","date_gmt":"2020-06-10T21:42:48","guid":{"rendered":"http:\/\/traveltipsgye.com\/?page_id=1788"},"modified":"2020-06-10T21:50:50","modified_gmt":"2020-06-10T21:50:50","slug":"safety-and-sanitary-protocols-covid19","status":"publish","type":"page","link":"https:\/\/www.traveltipsgye.com\/es\/safety-and-sanitary-protocols-covid19\/","title":{"rendered":"Protocolos de seguridad y salud &#8211; COVID19"},"content":{"rendered":"<p><b>Traveltips<\/b><span style=\"font-weight: 400;\">, consciente de la nueva realidad para viajeros de todo el mundo, esta participando activamente de los esfuerzos para reforzar los nuevos est\u00e1ndares para el manejo y control del COVID 19.\u00a0 Esta red log\u00edstica involucra los esfuerzos de gobierno nacional y seccional, as\u00ed como de aeropuertos, hoteles, restaurantes, aerol\u00edneas y operaci\u00f3n tur\u00edstica.\u00a0<\/span><\/p>\n<h3>Transportaci\u00f3n<strong>\u00a0de tierra:<\/strong><\/h3>\n<p><b>Gu\u00edas:<\/b><\/p>\n<ul>\n<li style=\"font-weight: 400;\"><span style=\"font-weight: 400;\">Es mandatorio el uso de EPP ( equipo de protecci\u00f3n personal): mascarillas, guantes, desinfectante de manos, alcohol.<\/span><\/li>\n<li style=\"font-weight: 400;\"><span style=\"font-weight: 400;\">Evitar el saludo o contacto de manos o cuerpo con los pasajeros.<\/span><\/li>\n<li style=\"font-weight: 400;\"><span style=\"font-weight: 400;\">El saludo debe realizarse mediante gestos y palabras amables \u00fanicamente, tomando distancia prudencial con los pasajeros.<\/span><\/li>\n<li style=\"font-weight: 400;\"><span style=\"font-weight: 400;\">Si alg\u00fan pasajero requiere de asistencia y\/o ayuda con su equipaje de mano o para caminar, el gu\u00eda debe primero pedir el consentimiento del pasajero para hacerlo.<\/span><\/li>\n<\/ul>\n<p><b>Conductores:<\/b><\/p>\n<ul>\n<li style=\"font-weight: 400;\"><span style=\"font-weight: 400;\">Es mandatorio el uso de EPP ( equipo de protecci\u00f3n personal): mascarillas, guantes, desinfectante de manos, alcohol.<\/span><\/li>\n<li style=\"font-weight: 400;\"><span style=\"font-weight: 400;\">Evitar el saludo o contacto de manos o cuerpo con los pasajeros.<\/span><\/li>\n<li style=\"font-weight: 400;\"><span style=\"font-weight: 400;\">El saludo debe realizarse mediante gestos y palabras amables \u00fanicamente, tomando distancia prudencial con los pasajeros.<\/span><\/li>\n<li style=\"font-weight: 400;\"><span style=\"font-weight: 400;\">Si alg\u00fan pasajero requiere de asistencia y\/o ayuda con su equipaje de mano o para caminar, el gu\u00eda debe primero pedir el consentimiento del pasajero para hacerlo<\/span><\/li>\n<li style=\"font-weight: 400;\"><span style=\"font-weight: 400;\">El conductor deber\u00e1 abrir las puertas de acceso a los veh\u00edculos utilizando siempre las medidas de bioseguridad y procedimientos de desinfecci\u00f3n.\u00a0 Si necesita ayuda con apoyo al pasajero puede hacerlo utilizando su antebrazo.<\/span><\/li>\n<li style=\"font-weight: 400;\"><span style=\"font-weight: 400;\">Deber\u00e1 realizar los procesos de desinfecci\u00f3n del interio r del vehiulo, cada vez que los pasajeros suban o bajen del vehiculo, las veces que fuese necesario.\u00a0 El pasajero deber\u00e1 poder presenciar este procedimiento.<\/span><\/li>\n<li style=\"font-weight: 400;\"><span style=\"font-weight: 400;\">\u00e1reas del vehiculo de mayor uso como manillas de puerta, ventanas, reposador de brazos deben ser igualmente desinfectadas por el conductor del vehiculo.<\/span><\/li>\n<\/ul>\n<p><b>Veh\u00edculos:<\/b><\/p>\n<ul>\n<li style=\"font-weight: 400;\"><span style=\"font-weight: 400;\">Todos los veh\u00edculos ser\u00e1n sujetos de una rigurosa desinfecci\u00f3n e inspecci\u00f3n de manera regular antes y despu\u00e9s de cada servicio.<\/span><\/li>\n<li style=\"font-weight: 400;\"><span style=\"font-weight: 400;\">Nuestros veh\u00edculos est\u00e1n equipados con mascarillas, guantes, desinfectante de manos, alcohol y toallas h\u00famedas desechables, a disposici\u00f3n permanente del pasajero.<\/span><\/li>\n<li style=\"font-weight: 400;\"><span style=\"font-weight: 400;\">Espacios en el carro ser\u00e1 ajustable considerando un aforo del 50% de la capacidad total del mismo, manteniendo las distancias recomendables por las autoridades.<\/span><\/li>\n<li style=\"font-weight: 400;\"><span style=\"font-weight: 400;\">Capacidad de aforo aplicable seg\u00fan tipo de vehiculo:<\/span>\n<ul>\n<li style=\"font-weight: 400;\"><span style=\"font-weight: 400;\">SUV &amp; SEDAN: 1 A 2 PASAJEROS POR SERVICIO<\/span><\/li>\n<li style=\"font-weight: 400;\"><span style=\"font-weight: 400;\">MINI VANS H1 O SIMILAR: HASTA 4 PASAJEROS MAXIMO<\/span><\/li>\n<li style=\"font-weight: 400;\"><span style=\"font-weight: 400;\">VANS MEDIANAS:\u00a0 HASTA 7 PASAJEROS<\/span><\/li>\n<li style=\"font-weight: 400;\"><span style=\"font-weight: 400;\">VANS GRANDES:\u00a0 HASTA 10 PASAJEROS<\/span><\/li>\n<li style=\"font-weight: 400;\"><span style=\"font-weight: 400;\">MINI BUS: HASTA 16 PASAJEROS<\/span><\/li>\n<li style=\"font-weight: 400;\"><span style=\"font-weight: 400;\">BUS GRANDE:\u00a0 HASTA 22 PASAJEROS<\/span><\/li>\n<\/ul>\n<\/li>\n<\/ul>\n<p>&nbsp;<\/p>\n<h3><b>Manejo de equipaje:<\/b><\/h3>\n<ul>\n<li style=\"font-weight: 400;\"><span style=\"font-weight: 400;\">Equipaje hasta de 7 pasajeros, ira en el mismo vehiculo del traslado.\u00a0 El chofer y gu\u00eda se encargaran de poner el equipaje dentro del vehiculo, cumpliendo con el procedo de desinfecci\u00f3n del mismo.<\/span><\/li>\n<li style=\"font-weight: 400;\"><span style=\"font-weight: 400;\">Para traslados de m\u00e1s de 7 pasajeros , se contara con la asistencia de un vehiculo y ayudante por separado.<\/span><\/li>\n<\/ul>\n<p><span style=\"font-weight: 400;\">Todo nuestro personal est\u00e1 sujeto a chequeos regulares de salud previo a realizar los servicios.<\/span><\/p>\n<p>&nbsp;<\/p>\n<h3><b>Hoteles:<\/b><span style=\"font-weight: 400;\">\u00a0 <\/span><\/h3>\n<p><span style=\"font-weight: 400;\">Cada hotel de la ciudad ha trabajado y aplica sus propios protocolos de bioseguridad.\u00a0 Traveltips enviar\u00e1 los mismos toda vez que se confirme el pedido de reserva a trav\u00e9s de nuestra empresa.<\/span><\/p>\n<p>&nbsp;<\/p>\n<h3><b>Restaurantes:\u00a0\u00a0<\/b><\/h3>\n<p><span style=\"font-weight: 400;\">Trabajamos con una selecci\u00f3n reducida de restaurantes locales que han trabajado en protocolos considerando espacios con distanciamiento entre mesas, lo que nos permite garantizar el distanciamiento social requerido por las autoridades.<\/span><\/p>\n<p><span style=\"font-weight: 400;\">Para nuestras recomendaciones de restaurantes se ha determinado el uso de lugares de alto nivel pero de menor capacidad de visitantes que nos permitan realizar reservas anticipadas para garantizar los espacios distanciados.<\/span><\/p>\n<p><span style=\"font-weight: 400;\">Evitar la acomodaci\u00f3n de grupos en mesas largas, preferible la reubicaci\u00f3n en varias mesas respetando distancias.<\/span><\/p>\n<p><span style=\"font-weight: 400;\">Los men\u00faes ser\u00e1n puestos a consideraci\u00f3n de los pasajeros con la debida anticipaci\u00f3n para maximizar de esta manera el tiempo de estad\u00eda en el lugar y la agilizaci\u00f3n en la atenci\u00f3n.<\/span><\/p>\n<p><span style=\"font-weight: 400;\">Solicitar al restaurante el uso del EPP a sus saloneros y servidores.<\/span><\/p>\n<p><span style=\"font-weight: 400;\">Evitar el servicio estilo buffet.\u00a0 Ofrecer \u00fanicamente servicio de men\u00fa de al menos cuatro alternativas para escoger.<\/span><\/p>\n<p>&nbsp;<\/p>\n<blockquote><p><span style=\"font-weight: 400;\">A pesar de estar conscientes de que la situaci\u00f3n actual es incierta, confiamos que estos procedimientos ayuden a reforzar los protocolos universales, sin embargo \u00e9stos no son definitivos.\u00a0 Seguiremos revisando y trabajando en ellos conforme las situaciones lo vayan ameritando.\u00a0 Es nuestro compromiso continuar con el monitoreo del comportamiento social tanto de locales como de visitantes as\u00ed como tambi\u00e9n de las decisiones que tomen nuestros gobiernos tanto el nacional como local, y conforme a las necesidades ir reajustando los procedimientos para asegurar la seguridad y confort de tanto visitantes como actores del turismo en nuestro Pa\u00eds.<\/span><\/p><\/blockquote>\n<p>&nbsp;<\/p>\n<p><span style=\"font-weight: 400;\">Atentamente,<\/span><\/p>\n<p>&nbsp;<\/p>\n<p><span style=\"font-weight: 400;\">Ilse Tugendhat<br \/>\n<\/span><strong>GERENTE<br \/>\nTRAVELTIPS S.A.<\/strong><\/p>","protected":false},"excerpt":{"rendered":"<p>Traveltips, consciente de la nueva realidad para viajeros de todo el mundo, esta participando activamente de los esfuerzos para reforzar[&#8230;]<\/p>\n","protected":false},"author":1,"featured_media":1791,"parent":0,"menu_order":0,"comment_status":"closed","ping_status":"closed","template":"","meta":[],"_links":{"self":[{"href":"https:\/\/www.traveltipsgye.com\/es\/wp-json\/wp\/v2\/pages\/1788"}],"collection":[{"href":"https:\/\/www.traveltipsgye.com\/es\/wp-json\/wp\/v2\/pages"}],"about":[{"href":"https:\/\/www.traveltipsgye.com\/es\/wp-json\/wp\/v2\/types\/page"}],"author":[{"embeddable":true,"href":"https:\/\/www.traveltipsgye.com\/es\/wp-json\/wp\/v2\/users\/1"}],"replies":[{"embeddable":true,"href":"https:\/\/www.traveltipsgye.com\/es\/wp-json\/wp\/v2\/comments?post=1788"}],"version-history":[{"count":5,"href":"https:\/\/www.traveltipsgye.com\/es\/wp-json\/wp\/v2\/pages\/1788\/revisions"}],"predecessor-version":[{"id":1795,"href":"https:\/\/www.traveltipsgye.com\/es\/wp-json\/wp\/v2\/pages\/1788\/revisions\/1795"}],"wp:featuredmedia":[{"embeddable":true,"href":"https:\/\/www.traveltipsgye.com\/es\/wp-json\/wp\/v2\/media\/1791"}],"wp:attachment":[{"href":"https:\/\/www.traveltipsgye.com\/es\/wp-json\/wp\/v2\/media?parent=1788"}],"curies":[{"name":"wp","href":"https:\/\/api.w.org\/{rel}","templated":true}]}}