{"id":232,"date":"2015-12-14T23:38:20","date_gmt":"2015-12-14T23:38:20","guid":{"rendered":"http:\/\/traveltipsgye.com\/?page_id=232"},"modified":"2017-08-28T22:08:37","modified_gmt":"2017-08-28T22:08:37","slug":"ruta-del-cacao","status":"publish","type":"page","link":"https:\/\/www.traveltipsgye.com\/es\/ruta-del-cacao\/","title":{"rendered":"Ruta del Cacao"},"content":{"rendered":"<p><\/p>\n<h4 style=\"text-align: justify;\"><em><span style=\"color: #000080;\"><strong>HACIENDA LA DANESA<a href=\"http:\/\/traveltipsgye.com\/wp-content\/uploads\/2015\/12\/danesa2.jpg\" rel=\"fancybox[232]\"><img loading=\"lazy\" class=\"alignright wp-image-1091 size-large\" src=\"http:\/\/traveltipsgye.com\/wp-content\/uploads\/2015\/12\/danesa2-1024x682.jpg\" alt=\"\" width=\"620\" height=\"413\" srcset=\"https:\/\/www.traveltipsgye.com\/wp-content\/uploads\/2015\/12\/danesa2.jpg 1024w, https:\/\/www.traveltipsgye.com\/wp-content\/uploads\/2015\/12\/danesa2-300x200.jpg 300w, https:\/\/www.traveltipsgye.com\/wp-content\/uploads\/2015\/12\/danesa2-768x512.jpg 768w\" sizes=\"(max-width: 620px) 100vw, 620px\" \/><\/a><br \/>\n<\/strong><\/span><\/em><\/h4>\n<p><strong>La Danesa, <\/strong>hacienda familiar, est\u00e1 ubicada en la costa y cercana a la regi\u00f3n Andina, a 1 hora de Guayaquil. El servicio excepcional y sus pr\u00e1cticas ambientales, dejar\u00e1n una experiencia duradera.<\/p>\n<ul>\n<li>Cabalgatas<\/li>\n<li>Tour del Cacao<\/li>\n<li>Paseo en bicicletas<\/li>\n<li>Tubing por el r\u00edo<\/li>\n<li>Orde\u00f1o<\/li>\n<li>Clases de cocina<\/li>\n<li>Yoga<\/li>\n<li>Shows de cultura montubia<\/li>\n<li>Paquetes de boda y luna de miel<\/li>\n<li>Eventos Sociales<\/li>\n<\/ul>\n<p>&nbsp;<\/p>\n<h4 style=\"text-align: justify;\"><\/h4>\n<h4 style=\"text-align: justify;\"><em><span style=\"color: #000080;\"><strong>HACIENDA EL CASTILLO<\/strong><\/span><\/em><\/h4>\n<p style=\"text-align: justify;\"><img loading=\"lazy\" class=\"wp-image-393 alignright\" src=\"http:\/\/traveltipsgye.com\/wp-content\/uploads\/2015\/12\/Picture-37-300x201.jpg\" alt=\"\" width=\"413\" height=\"277\" srcset=\"https:\/\/www.traveltipsgye.com\/wp-content\/uploads\/2015\/12\/Picture-37-300x201.jpg 300w, https:\/\/www.traveltipsgye.com\/wp-content\/uploads\/2015\/12\/Picture-37.jpg 800w\" sizes=\"(max-width: 413px) 100vw, 413px\" \/><\/p>\n<p style=\"text-align: justify;\"><span style=\"color: #000000;\">A 45 minutos de Guayaquil encontramos la Hcda El Castillo, una casa de campo construida a mediados del siglo pasado, propiedad de un Conde alem\u00e1n que se radico en nuestro pa\u00eds en la d\u00e9cada de los 30. En parte de un terreno de 1,600 hect\u00e1reas que hab\u00edan comprado alrededor del Recinto San Isidro.<\/span><\/p>\n<p style=\"text-align: justify;\"><span style=\"color: #000000;\">Una de las prioridades en la Hacienda el Castillo, es el desarrollo agr\u00edcola sostenible, manteniendo siempre el mayor respeto por la naturaleza. Es por esto, que se identific\u00f3 un \u00e1rea de m\u00e1s de 30 hect\u00e1reas de Bosque Seco Tropical, que se design\u00f3 como reserva forestal. Se realizo un proyecto junto con la Fundaci\u00f3n Pro Bosque, en el que se realizo un sondeo de la vegetaci\u00f3n y poblaci\u00f3n de animales y aves que habitan en el Bosque. Se desarrollo un sendero instructivo con 12 estaciones informativas, que sus visitantes pueden recorrer caminando por su cuenta sin necesidad de un gu\u00eda. En esta reserva, se pueden encontrar especies de \u00e1rboles originales de la zona, como el Guayac\u00e1n, Cascol, Ceibo, Bototillo, Algarrobo, entre otros. Adem\u00e1s, la fauna es muy diversa con venados, tigrillos, ardillas y otros mam\u00edferos. Tambi\u00e9n hay una extensa variedad de aves que fascinan a los espectadores de esta reserva natural, ya que es ideal para practicar avistamiento de aves.\u00a0\u00a0 Con las primeras lluvias de la temporada, los \u00e1rboles de Guayac\u00e1n florecen, botando una flor de color amarillo intenso que forma un espect\u00e1culo al mezclarse con los tonos caf\u00e9s del Bosque Seco. Esta floraci\u00f3n dura aproximadamente una semana.<\/span><\/p>\n<h4 style=\"text-align: justify;\"><span style=\"color: #000080;\"><em><strong>TOUR DIARIO <\/strong><\/em><\/span><\/h4>\n<p style=\"text-align: justify;\"><img loading=\"lazy\" class=\"wp-image-397 alignleft\" src=\"http:\/\/traveltipsgye.com\/wp-content\/uploads\/2015\/12\/Picture-14.jpg\" alt=\"Picture-14\" width=\"449\" height=\"298\" srcset=\"https:\/\/www.traveltipsgye.com\/wp-content\/uploads\/2015\/12\/Picture-14.jpg 800w, https:\/\/www.traveltipsgye.com\/wp-content\/uploads\/2015\/12\/Picture-14-300x200.jpg 300w\" sizes=\"(max-width: 449px) 100vw, 449px\" \/><\/p>\n<p style=\"text-align: justify;\"><span style=\"color: #000000;\">El recorrido inicia en la ciudad de Guayaquil saliendo por la carretera Chongon-Cerecita. Una breve visita al orquideario de Chongon da inicio a esta inigualable experiencia.\u00a0Por la carretera se aprecian los grandes sembrios de arboles frutales y madereros. Una parada refrescante para degustar los deliciosos yogurts con jaleas naturales en los viveros de Chiveria.\u00a0<\/span><\/p>\n<p style=\"text-align: justify;\"><span style=\"color: #000000;\">Los bosques de la HACIENDA EL CASTILLO no solo son atractivos tur\u00edsticos, sino m\u00e1s bien son una muestra del compromiso que tenemos con el medio ambiente que ha hecho posible que obtengamos la certificaci\u00f3n de <em>RAINFOREST ALLIANCE<\/em>.<\/span><\/p>\n<p style=\"text-align: justify;\"><span style=\"color: #000000;\">Considerando que el cacao se considero la Pepa de Oro en principios del siglo XX, en la HACIENDA EL CASTILLO se ha revolucionado el concepto de \u201cchocolate de plantaci\u00f3n\u201d que est\u00e1 teniendo un auge en el mercado de chocolates finos. No s\u00f3lo garantizamos plenamente el origen del cacao, sino que adicionalmente el chocolate es producido en la misma hacienda, cerrando completamente el ciclo del producto: el vivero de las plantas de cacao, plantaci\u00f3n, cosecha, fermentaci\u00f3n, secado, y producci\u00f3n de chocolate. Verdaderamente en la HACIENDA EL CASTILLO podemos decir que nuestro chocolate es \u201cDesde la Semilla, Hasta la Barra\u201d lo cual nos da una diferenciaci\u00f3n especial. El sabor del chocolate de la HACIENDA EL CASTILLO es \u00fanico por su cacao y el proceso de elaboraci\u00f3n y ha sido perfeccionado para satisfacer los m\u00e1s distinguidos paladares.\u00a0<\/span><span style=\"color: #000000;\">Al llegar a la hacienda nos espera una refrescante bienvenida con jugo de cacao y patacones reci\u00e9n preparados.<\/span><\/p>\n<p style=\"text-align: justify;\"><span style=\"color: #000000;\">Iniciamos el recorrido por la plantaci\u00f3n, pasando por el proceso de vivero, sembrado, secado y fermentaci\u00f3n, para continuar la visita a la fabrica de chocolate y conocer todo el proceso artesanal que aqu\u00ed se desarrolla. Al finalizar el recorrido nos espera un delicioso almuerzo campestre en la casa de la hacienda.\u00a0<\/span><span style=\"color: #000000;\">Luego de una breve siesta en hamacas, iniciamos nuestro retorno a la ciudad de Guayaquil.<\/span><\/p>\n<p style=\"text-align: justify;\"><span style=\"color: #000080;\"><strong><em>NOTAS:<\/em><\/strong><\/span><\/p>\n<p style=\"text-align: justify;\"><span style=\"color: #000000;\"><em>Comidas incluidas: Almuerzo<\/em><\/span><\/p>\n<p style=\"text-align: justify;\"><span style=\"color: #000000;\"><em>Opcional : paseos a caballo.<\/em><\/span><\/p>\n<p style=\"text-align: justify;\"><span style=\"color: #000080;\"><strong><em>INCLUYE:<\/em><\/strong><\/span><\/p>\n<ul style=\"text-align: justify;\">\n<li><span style=\"color: #000000;\"><em>Gu\u00eda biling\u00fce privado (Espa\u00f1ol \u2013 Ingl\u00e9s) <\/em><\/span><\/li>\n<li><span style=\"color: #000000;\"><em>Transporte terrestre privado<\/em><\/span><\/li>\n<li><span style=\"color: #000000;\"><em>Comidas especificadas en el programa en base a men\u00fa\/ men\u00fa vegetariano debe se solicitado <\/em><\/span><\/li>\n<\/ul>\n<p style=\"text-align: justify;\"><span style=\"color: #000080;\"><strong><em>NO INCLUYE:<\/em><\/strong><\/span><\/p>\n<ul style=\"text-align: justify;\">\n<li><span style=\"color: #000000;\"><em>Ninguna comida no especificada en el programa <\/em><\/span><\/li>\n<li><span style=\"color: #000000;\"><em>Propinas<\/em><\/span><\/li>\n<\/ul>\n<h4 style=\"text-align: justify;\"><span style=\"color: #000080;\"><em><strong>HACIENDA CA\u00d1AS<\/strong><\/em><\/span><\/h4>\n<p style=\"text-align: justify;\"><span style=\"color: #000000;\">Ubicada a 75 kil\u00f3metros de Guayaquil por la v\u00eda Puerto Inca \u2013 Naranjal, y cuenta con una superficie de 550 hect\u00e1reas de cultivos de cacao, banano, pl\u00e1tano y pimienta negra.\u00a0<\/span><span style=\"color: #000000;\">En un ambiente de singular belleza, de vegetaci\u00f3n tropical, r\u00edos, aves de variadas especies y hasta unas represas de r\u00edo, la hacienda cuenta con excelentes instalaciones tales como, caba\u00f1as, comed<\/span><span style=\"color: #000000;\">ores, caminos<\/span><span style=\"color: #000000;\">, se\u00f1alamientos, parqueos, paseos a caballo o en tractor.<\/span><\/p>\n<h4 style=\"text-align: justify;\"><em><span style=\"color: #000080;\"><strong>HACIENDA RODE<\/strong><\/span><\/em><em><span style=\"color: #000080;\"><strong>O GRANDE<\/strong><\/span><\/em><\/h4>\n<p style=\"text-align: justify;\"><span style=\"color: #000000;\">Rodeo grande es una hacienda tradicional que cuenta con una extensi\u00f3n de 1200 hect\u00e1reas y esta ubicada a 10 metros sobre el nivel del mar. La elegante casa, construida en 1980, sirve como luga<\/span><span style=\"color: #000000;\">r de descanso de sus due\u00f1os los fines de semana, y tambi\u00e9n invitados, que junto a la familia propietaria, disfruta desde el balc\u00f3n principal de la casa, de la majestuosidad de los campos. Otros de los atractivos que brinda Rodeo Grande, es un sin fin de jardines y glorietas que se distribuyen por una gran cantidad del \u00e1rea de la hacienda.<\/span><\/p>\n<h4 style=\"text-align: justify;\"><\/h4>\n<p><\/p>","protected":false},"excerpt":{"rendered":"<p>HACIENDA LA DANESA La Danesa, hacienda familiar, est\u00e1 ubicada en la costa y cercana a la regi\u00f3n Andina, a 1[&#8230;]<\/p>\n","protected":false},"author":1,"featured_media":0,"parent":0,"menu_order":0,"comment_status":"closed","ping_status":"closed","template":"template-fullwidth.php","meta":[],"_links":{"self":[{"href":"https:\/\/www.traveltipsgye.com\/es\/wp-json\/wp\/v2\/pages\/232"}],"collection":[{"href":"https:\/\/www.traveltipsgye.com\/es\/wp-json\/wp\/v2\/pages"}],"about":[{"href":"https:\/\/www.traveltipsgye.com\/es\/wp-json\/wp\/v2\/types\/page"}],"author":[{"embeddable":true,"href":"https:\/\/www.traveltipsgye.com\/es\/wp-json\/wp\/v2\/users\/1"}],"replies":[{"embeddable":true,"href":"https:\/\/www.traveltipsgye.com\/es\/wp-json\/wp\/v2\/comments?post=232"}],"version-history":[{"count":21,"href":"https:\/\/www.traveltipsgye.com\/es\/wp-json\/wp\/v2\/pages\/232\/revisions"}],"predecessor-version":[{"id":1095,"href":"https:\/\/www.traveltipsgye.com\/es\/wp-json\/wp\/v2\/pages\/232\/revisions\/1095"}],"wp:attachment":[{"href":"https:\/\/www.traveltipsgye.com\/es\/wp-json\/wp\/v2\/media?parent=232"}],"curies":[{"name":"wp","href":"https:\/\/api.w.org\/{rel}","templated":true}]}}